{"id":5721,"date":"2025-02-20T18:47:00","date_gmt":"2025-02-20T18:47:00","guid":{"rendered":"https:\/\/lb2025.figmenta.info\/brand\/"},"modified":"2025-03-13T08:44:35","modified_gmt":"2025-03-13T08:44:35","slug":"brand","status":"publish","type":"page","link":"https:\/\/backend.laurabiagiottiparfums.com\/de\/brand\/","title":{"rendered":"Brand"},"content":{"rendered":"","protected":false},"excerpt":{"rendered":"","protected":false},"author":2,"featured_media":0,"parent":0,"menu_order":0,"comment_status":"closed","ping_status":"closed","template":"","meta":{"_acf_changed":false,"footnotes":""},"class_list":["post-5721","page","type-page","status-publish","hentry"],"acf":{"fragranze_donna":false,"fragranze_uomo":false,"small_button_text":"Sie entdecken","titolo_roulette":"Finden Sie Ihren perfekten Duft","testo_roulette":"Entdecke das Parf\u00fcm, das dich repr\u00e4sentiert. ","cta_roulette_text":"Beantworte unseren Test, um das perfekte Parf\u00fcm f\u00fcr dich zu finden.","tema":"light","title_tag":"","meta_description":"","open_graph_image":false,"rf_section_title":"Andere D\u00fcfte","find_out_cta_text":"Sie entdecken","brand_caption_hero_image":"Laura Biagiotti","brand_main_title":"Laura Biagiotti: eine Ikone der italienischen Mode.","brand_paragraph_1":"<p>Laura Biagiotti ist ein Symbol der italienischen Mode, international bekannt f\u00fcr die zeitlose Qualit\u00e4t und Eleganz ihrer Kreationen. Ihre Reise in die Welt der Mode begann in den 1960er Jahren, inspiriert von ihrer Mutter, Delia Soldaini Biagiotti, die ein prestigetr\u00e4chtiges Atelier in Rom gr\u00fcndete.<\/p>\n","brand_caption_image_2":"Delia Soldaini Biagiotti","brand_quote_1":"Vom New York Times als 'Die K\u00f6nigin des Kaschmirs' bezeichnet, revolutionierte Laura den Einsatz von Kaschmir, indem sie ihn von einem klassischen Material zum Star der Laufstege machte.","brand_paragraph_2":"<p>Im Jahr 1997 trat Lavinia Biagiotti Cigna, die Tochter von Laura, in die Gruppe ein und setzte die Werte und Vision der Marke fort. Im Jahr 2017 \u00fcbernahm Lavinia die Rolle der CEO und f\u00fchrte die Biagiotti-Gruppe in neue globale Herausforderungen, wobei Nachhaltigkeit und die Vorliebe f\u00fcr nat\u00fcrliche Materialien im Mittelpunkt standen, die seit den Anf\u00e4ngen der Unternehmensphilosophie die Grundlage bilden.<\/p>\n","brand_title_2":"Mode und M\u00e4zenatentum: ein kontinuierlicher Dialog mit der Kunst.","brand_paragraph_3":"<p>Die Mode von Laura Biagiotti ist stets mit der Kunst verwoben. Diese Leidenschaft spiegelt sich in ihren Kollektionen wider, die mit k\u00fcnstlerischen Anspielungen bereichert sind, sowie in zahlreichen kulturellen Projekten, darunter die exklusive Sponsorship der Modenschauen im Piccolo Teatro in Mailand seit 1998 und bedeutende Kunstrestaurierungen, die mit Laura Biagiotti Parfums durchgef\u00fchrt wur<\/p>\n","brand_quote_2":"Heute ist die Marke nach wie vor ein Synonym f\u00fcr italienische Exzellenz und feiert ein Erbe aus Eleganz, Innovation und Liebe zur Kunst.","brand_cta_text":"Besuchen Sie die offizielle Website","brand_cta_link":{"title":"laurabiagiotti.it","url":"https:\/\/laurabiagiotti.it\/","target":"_blank"},"brand_caption_image_1":"Modereportage \u00fcber HARPER'S BAZAAR 1975","profumi_roulette":[{"ID":1153,"post_author":"2","post_date":"2025-02-14 19:41:43","post_date_gmt":"2025-02-14 19:41:43","post_content":"","post_title":"Roma Uomo Nero Estremo","post_excerpt":"","post_status":"publish","comment_status":"closed","ping_status":"closed","post_password":"","post_name":"nero-estremo","to_ping":"","pinged":"","post_modified":"2026-02-02 12:15:19","post_modified_gmt":"2026-02-02 12:15:19","post_content_filtered":"","post_parent":0,"guid":"https:\/\/lb2025.figmenta.info\/men-fragrances\/nero-estremo\/","menu_order":0,"post_type":"men-fragrances","post_mime_type":"","comment_count":"0","filter":"raw"},{"ID":1029,"post_author":"2","post_date":"2025-01-25 10:59:58","post_date_gmt":"2025-01-25 10:59:58","post_content":"","post_title":"Roma Uomo Green Swing","post_excerpt":"","post_status":"publish","comment_status":"closed","ping_status":"closed","post_password":"","post_name":"roma-uomo-green-swing","to_ping":"","pinged":"","post_modified":"2025-06-12 13:05:02","post_modified_gmt":"2025-06-12 13:05:02","post_content_filtered":"","post_parent":0,"guid":"https:\/\/lb2025.figmenta.info\/?post_type=men-fragrances&#038;p=1029","menu_order":0,"post_type":"men-fragrances","post_mime_type":"","comment_count":"0","filter":"raw"},{"ID":1031,"post_author":"2","post_date":"2025-01-25 10:53:15","post_date_gmt":"2025-01-25 10:53:15","post_content":"<!-- wp:paragraph -->\n<p><\/p>\n<!-- \/wp:paragraph -->\n\n<!-- wp:paragraph -->\n<p><\/p>\n<!-- \/wp:paragraph -->","post_title":"Roma Uomo","post_excerpt":"","post_status":"publish","comment_status":"closed","ping_status":"closed","post_password":"","post_name":"roma-uomo","to_ping":"","pinged":"","post_modified":"2026-05-13 10:14:03","post_modified_gmt":"2026-05-13 10:14:03","post_content_filtered":"","post_parent":0,"guid":"https:\/\/lb2025.figmenta.info\/?post_type=men-fragrances&#038;p=1031","menu_order":0,"post_type":"men-fragrances","post_mime_type":"","comment_count":"0","filter":"raw"},{"ID":1102,"post_author":"2","post_date":"2025-02-15 13:10:02","post_date_gmt":"2025-02-15 13:10:02","post_content":"","post_title":"Ambrosia Aurea","post_excerpt":"","post_status":"publish","comment_status":"closed","ping_status":"closed","post_password":"","post_name":"aqve-romane-ambrosia-aurea","to_ping":"","pinged":"","post_modified":"2026-05-13 09:53:22","post_modified_gmt":"2026-05-13 09:53:22","post_content_filtered":"","post_parent":0,"guid":"https:\/\/lb2025.figmenta.info\/women-fragrances\/aqve-romane-ambrosia-aurea\/","menu_order":0,"post_type":"women-fragrances","post_mime_type":"","comment_count":"0","filter":"raw"},{"ID":1110,"post_author":"2","post_date":"2025-02-15 13:17:57","post_date_gmt":"2025-02-15 13:17:57","post_content":"","post_title":"Uva Dulcis","post_excerpt":"","post_status":"publish","comment_status":"closed","ping_status":"closed","post_password":"","post_name":"aqve-romane-uva-dulcis","to_ping":"","pinged":"","post_modified":"2026-05-13 09:56:02","post_modified_gmt":"2026-05-13 09:56:02","post_content_filtered":"","post_parent":0,"guid":"https:\/\/lb2025.figmenta.info\/women-fragrances\/aqve-romane-uva-dulcis\/","menu_order":0,"post_type":"women-fragrances","post_mime_type":"","comment_count":"0","filter":"raw"},{"ID":1093,"post_author":"2","post_date":"2025-02-15 12:56:50","post_date_gmt":"2025-02-15 12:56:50","post_content":"","post_title":"Divinum Ficus","post_excerpt":"","post_status":"publish","comment_status":"closed","ping_status":"closed","post_password":"","post_name":"aqve-romane-divinum-ficus","to_ping":"","pinged":"","post_modified":"2026-05-13 09:51:05","post_modified_gmt":"2026-05-13 09:51:05","post_content_filtered":"","post_parent":0,"guid":"https:\/\/lb2025.figmenta.info\/women-fragrances\/aqve-romane-divinum-ficus\/","menu_order":0,"post_type":"women-fragrances","post_mime_type":"","comment_count":"0","filter":"raw"},{"ID":1143,"post_author":"2","post_date":"2025-02-15 15:07:07","post_date_gmt":"2025-02-15 15:07:07","post_content":"","post_title":"Forever","post_excerpt":"","post_status":"publish","comment_status":"closed","ping_status":"closed","post_password":"","post_name":"forever","to_ping":"","pinged":"","post_modified":"2025-05-16 09:03:14","post_modified_gmt":"2025-05-16 09:03:14","post_content_filtered":"","post_parent":0,"guid":"https:\/\/lb2025.figmenta.info\/women-fragrances\/forever\/","menu_order":0,"post_type":"women-fragrances","post_mime_type":"","comment_count":"0","filter":"raw"},{"ID":1138,"post_author":"2","post_date":"2025-02-13 16:11:19","post_date_gmt":"2025-02-13 16:11:19","post_content":"","post_title":"Forever Gold For Her","post_excerpt":"","post_status":"publish","comment_status":"closed","ping_status":"closed","post_password":"","post_name":"forever-gold-for-her","to_ping":"","pinged":"","post_modified":"2025-06-12 14:05:13","post_modified_gmt":"2025-06-12 14:05:13","post_content_filtered":"","post_parent":0,"guid":"https:\/\/lb2025.figmenta.info\/women-fragrances\/forever-gold-for-her\/","menu_order":0,"post_type":"women-fragrances","post_mime_type":"","comment_count":"0","filter":"raw"},{"ID":1147,"post_author":"2","post_date":"2025-02-14 19:36:31","post_date_gmt":"2025-02-14 19:36:31","post_content":"","post_title":"Laura","post_excerpt":"","post_status":"publish","comment_status":"closed","ping_status":"closed","post_password":"","post_name":"laura","to_ping":"","pinged":"","post_modified":"2025-05-15 13:35:14","post_modified_gmt":"2025-05-15 13:35:14","post_content_filtered":"","post_parent":0,"guid":"https:\/\/lb2025.figmenta.info\/women-fragrances\/laura\/","menu_order":0,"post_type":"women-fragrances","post_mime_type":"","comment_count":"0","filter":"raw"},{"ID":1117,"post_author":"2","post_date":"2025-02-14 19:34:33","post_date_gmt":"2025-02-14 19:34:33","post_content":"","post_title":"Roma","post_excerpt":"","post_status":"publish","comment_status":"closed","ping_status":"closed","post_password":"","post_name":"roma","to_ping":"","pinged":"","post_modified":"2026-05-13 09:27:51","post_modified_gmt":"2026-05-13 09:27:51","post_content_filtered":"","post_parent":0,"guid":"https:\/\/lb2025.figmenta.info\/women-fragrances\/roma\/","menu_order":0,"post_type":"women-fragrances","post_mime_type":"","comment_count":"0","filter":"raw"},{"ID":1126,"post_author":"2","post_date":"2025-02-15 14:29:11","post_date_gmt":"2025-02-15 14:29:11","post_content":"","post_title":"Roma Fiori Bianchi","post_excerpt":"","post_status":"publish","comment_status":"closed","ping_status":"closed","post_password":"","post_name":"roma-fiori-bianchi","to_ping":"","pinged":"","post_modified":"2026-05-13 09:42:28","post_modified_gmt":"2026-05-13 09:42:28","post_content_filtered":"","post_parent":0,"guid":"https:\/\/lb2025.figmenta.info\/women-fragrances\/roma-fiori-bianchi\/","menu_order":0,"post_type":"women-fragrances","post_mime_type":"","comment_count":"0","filter":"raw"}],"brand_hero_image":{"ID":7168,"id":7168,"title":"LB e LBC finale AI 11.12","filename":"LB-e-LBC-finale-AI-11.12.jpg","filesize":4068990,"url":"https:\/\/backend.laurabiagiottiparfums.com\/wp-content\/uploads\/2025\/03\/LB-e-LBC-finale-AI-11.12.jpg","link":"https:\/\/backend.laurabiagiottiparfums.com\/de\/brand\/lb-e-lbc-finale-ai-11-12-2\/","alt":"","author":"2","description":"","caption":"","name":"lb-e-lbc-finale-ai-11-12-2","status":"inherit","uploaded_to":5721,"date":"2025-03-11 08:07:03","modified":"2025-03-11 08:07:03","menu_order":0,"mime_type":"image\/jpeg","type":"image","subtype":"jpeg","icon":"https:\/\/backend.laurabiagiottiparfums.com\/wp-includes\/images\/media\/default.png","width":4256,"height":2832,"sizes":{"thumbnail":"https:\/\/backend.laurabiagiottiparfums.com\/wp-content\/uploads\/2025\/03\/LB-e-LBC-finale-AI-11.12-150x150.jpg","thumbnail-width":150,"thumbnail-height":150,"medium":"https:\/\/backend.laurabiagiottiparfums.com\/wp-content\/uploads\/2025\/03\/LB-e-LBC-finale-AI-11.12-300x200.jpg","medium-width":300,"medium-height":200,"medium_large":"https:\/\/backend.laurabiagiottiparfums.com\/wp-content\/uploads\/2025\/03\/LB-e-LBC-finale-AI-11.12-768x511.jpg","medium_large-width":768,"medium_large-height":511,"large":"https:\/\/backend.laurabiagiottiparfums.com\/wp-content\/uploads\/2025\/03\/LB-e-LBC-finale-AI-11.12-4000x2662.jpg","large-width":4000,"large-height":2662,"1536x1536":"https:\/\/backend.laurabiagiottiparfums.com\/wp-content\/uploads\/2025\/03\/LB-e-LBC-finale-AI-11.12-1536x1022.jpg","1536x1536-width":1536,"1536x1536-height":1022,"2048x2048":"https:\/\/backend.laurabiagiottiparfums.com\/wp-content\/uploads\/2025\/03\/LB-e-LBC-finale-AI-11.12-2048x1363.jpg","2048x2048-width":2048,"2048x2048-height":1363}},"brand_image_2":{"ID":7031,"id":7031,"title":"laura_biagiotti_parfums_brand2","filename":"laura_biagiotti_parfums_brand2.webp","filesize":159388,"url":"https:\/\/backend.laurabiagiottiparfums.com\/wp-content\/uploads\/2025\/03\/laura_biagiotti_parfums_brand2.webp","link":"https:\/\/backend.laurabiagiottiparfums.com\/de\/brand\/laura_biagiotti_parfums_brand2-2\/","alt":"","author":"2","description":"","caption":"","name":"laura_biagiotti_parfums_brand2-2","status":"inherit","uploaded_to":5721,"date":"2025-03-07 09:52:50","modified":"2025-03-07 09:52:50","menu_order":0,"mime_type":"image\/webp","type":"image","subtype":"webp","icon":"https:\/\/backend.laurabiagiottiparfums.com\/wp-includes\/images\/media\/default.png","width":1200,"height":835,"sizes":{"thumbnail":"https:\/\/backend.laurabiagiottiparfums.com\/wp-content\/uploads\/2025\/03\/laura_biagiotti_parfums_brand2-150x150.webp","thumbnail-width":150,"thumbnail-height":150,"medium":"https:\/\/backend.laurabiagiottiparfums.com\/wp-content\/uploads\/2025\/03\/laura_biagiotti_parfums_brand2-300x209.webp","medium-width":300,"medium-height":209,"medium_large":"https:\/\/backend.laurabiagiottiparfums.com\/wp-content\/uploads\/2025\/03\/laura_biagiotti_parfums_brand2-768x534.webp","medium_large-width":768,"medium_large-height":534,"large":"https:\/\/backend.laurabiagiottiparfums.com\/wp-content\/uploads\/2025\/03\/laura_biagiotti_parfums_brand2.webp","large-width":1200,"large-height":835,"1536x1536":"https:\/\/backend.laurabiagiottiparfums.com\/wp-content\/uploads\/2025\/03\/laura_biagiotti_parfums_brand2.webp","1536x1536-width":1200,"1536x1536-height":835,"2048x2048":"https:\/\/backend.laurabiagiottiparfums.com\/wp-content\/uploads\/2025\/03\/laura_biagiotti_parfums_brand2.webp","2048x2048-width":1200,"2048x2048-height":835}},"brand_image_2_large":{"ID":5541,"id":5541,"title":"laura_biagiotti_brand_3","filename":"laura_biagiotti_brand_3.webp","filesize":263542,"url":"https:\/\/backend.laurabiagiottiparfums.com\/wp-content\/uploads\/2025\/02\/laura_biagiotti_brand_3.webp","link":"https:\/\/backend.laurabiagiottiparfums.com\/de\/brand\/laura_biagiotti_brand_3-2\/","alt":"","author":"2","description":"","caption":"","name":"laura_biagiotti_brand_3-2","status":"inherit","uploaded_to":5721,"date":"2025-02-20 18:55:32","modified":"2025-02-20 18:55:32","menu_order":0,"mime_type":"image\/webp","type":"image","subtype":"webp","icon":"https:\/\/backend.laurabiagiottiparfums.com\/wp-includes\/images\/media\/default.png","width":1920,"height":947,"sizes":{"thumbnail":"https:\/\/backend.laurabiagiottiparfums.com\/wp-content\/uploads\/2025\/02\/laura_biagiotti_brand_3-150x150.webp","thumbnail-width":150,"thumbnail-height":150,"medium":"https:\/\/backend.laurabiagiottiparfums.com\/wp-content\/uploads\/2025\/02\/laura_biagiotti_brand_3-300x148.webp","medium-width":300,"medium-height":148,"medium_large":"https:\/\/backend.laurabiagiottiparfums.com\/wp-content\/uploads\/2025\/02\/laura_biagiotti_brand_3-768x379.webp","medium_large-width":768,"medium_large-height":379,"large":"https:\/\/backend.laurabiagiottiparfums.com\/wp-content\/uploads\/2025\/02\/laura_biagiotti_brand_3-1024x505.webp","large-width":1024,"large-height":505,"1536x1536":"https:\/\/backend.laurabiagiottiparfums.com\/wp-content\/uploads\/2025\/02\/laura_biagiotti_brand_3-1536x758.webp","1536x1536-width":1536,"1536x1536-height":758,"2048x2048":"https:\/\/backend.laurabiagiottiparfums.com\/wp-content\/uploads\/2025\/02\/laura_biagiotti_brand_3.webp","2048x2048-width":1920,"2048x2048-height":947}},"brand_image_3":{"ID":5544,"id":5544,"title":"laura_biagiotti_brand_4","filename":"laura_biagiotti_brand_4.webp","filesize":27906,"url":"https:\/\/backend.laurabiagiottiparfums.com\/wp-content\/uploads\/2025\/02\/laura_biagiotti_brand_4.webp","link":"https:\/\/backend.laurabiagiottiparfums.com\/de\/brand\/laura_biagiotti_brand_4-2\/","alt":"","author":"2","description":"","caption":"","name":"laura_biagiotti_brand_4-2","status":"inherit","uploaded_to":5721,"date":"2025-02-20 18:55:49","modified":"2025-02-20 18:55:49","menu_order":0,"mime_type":"image\/webp","type":"image","subtype":"webp","icon":"https:\/\/backend.laurabiagiottiparfums.com\/wp-includes\/images\/media\/default.png","width":661,"height":800,"sizes":{"thumbnail":"https:\/\/backend.laurabiagiottiparfums.com\/wp-content\/uploads\/2025\/02\/laura_biagiotti_brand_4-150x150.webp","thumbnail-width":150,"thumbnail-height":150,"medium":"https:\/\/backend.laurabiagiottiparfums.com\/wp-content\/uploads\/2025\/02\/laura_biagiotti_brand_4-248x300.webp","medium-width":248,"medium-height":300,"medium_large":"https:\/\/backend.laurabiagiottiparfums.com\/wp-content\/uploads\/2025\/02\/laura_biagiotti_brand_4.webp","medium_large-width":661,"medium_large-height":800,"large":"https:\/\/backend.laurabiagiottiparfums.com\/wp-content\/uploads\/2025\/02\/laura_biagiotti_brand_4.webp","large-width":661,"large-height":800,"1536x1536":"https:\/\/backend.laurabiagiottiparfums.com\/wp-content\/uploads\/2025\/02\/laura_biagiotti_brand_4.webp","1536x1536-width":661,"1536x1536-height":800,"2048x2048":"https:\/\/backend.laurabiagiottiparfums.com\/wp-content\/uploads\/2025\/02\/laura_biagiotti_brand_4.webp","2048x2048-width":661,"2048x2048-height":800}},"brand_image_4":{"ID":7034,"id":7034,"title":"laura_biagiotti_parfums_brand5","filename":"laura_biagiotti_parfums_brand5.webp","filesize":102172,"url":"https:\/\/backend.laurabiagiottiparfums.com\/wp-content\/uploads\/2025\/03\/laura_biagiotti_parfums_brand5.webp","link":"https:\/\/backend.laurabiagiottiparfums.com\/de\/brand\/laura_biagiotti_parfums_brand5-2\/","alt":"","author":"2","description":"","caption":"","name":"laura_biagiotti_parfums_brand5-2","status":"inherit","uploaded_to":5721,"date":"2025-03-07 09:52:50","modified":"2025-03-07 09:52:50","menu_order":0,"mime_type":"image\/webp","type":"image","subtype":"webp","icon":"https:\/\/backend.laurabiagiottiparfums.com\/wp-includes\/images\/media\/default.png","width":1000,"height":756,"sizes":{"thumbnail":"https:\/\/backend.laurabiagiottiparfums.com\/wp-content\/uploads\/2025\/03\/laura_biagiotti_parfums_brand5-150x150.webp","thumbnail-width":150,"thumbnail-height":150,"medium":"https:\/\/backend.laurabiagiottiparfums.com\/wp-content\/uploads\/2025\/03\/laura_biagiotti_parfums_brand5-300x227.webp","medium-width":300,"medium-height":227,"medium_large":"https:\/\/backend.laurabiagiottiparfums.com\/wp-content\/uploads\/2025\/03\/laura_biagiotti_parfums_brand5-768x581.webp","medium_large-width":768,"medium_large-height":581,"large":"https:\/\/backend.laurabiagiottiparfums.com\/wp-content\/uploads\/2025\/03\/laura_biagiotti_parfums_brand5.webp","large-width":1000,"large-height":756,"1536x1536":"https:\/\/backend.laurabiagiottiparfums.com\/wp-content\/uploads\/2025\/03\/laura_biagiotti_parfums_brand5.webp","1536x1536-width":1000,"1536x1536-height":756,"2048x2048":"https:\/\/backend.laurabiagiottiparfums.com\/wp-content\/uploads\/2025\/03\/laura_biagiotti_parfums_brand5.webp","2048x2048-width":1000,"2048x2048-height":756}}},"_links":{"self":[{"href":"https:\/\/backend.laurabiagiottiparfums.com\/de\/wp-json\/wp\/v2\/pages\/5721","targetHints":{"allow":["GET"]}}],"collection":[{"href":"https:\/\/backend.laurabiagiottiparfums.com\/de\/wp-json\/wp\/v2\/pages"}],"about":[{"href":"https:\/\/backend.laurabiagiottiparfums.com\/de\/wp-json\/wp\/v2\/types\/page"}],"author":[{"embeddable":true,"href":"https:\/\/backend.laurabiagiottiparfums.com\/de\/wp-json\/wp\/v2\/users\/2"}],"replies":[{"embeddable":true,"href":"https:\/\/backend.laurabiagiottiparfums.com\/de\/wp-json\/wp\/v2\/comments?post=5721"}],"version-history":[{"count":7,"href":"https:\/\/backend.laurabiagiottiparfums.com\/de\/wp-json\/wp\/v2\/pages\/5721\/revisions"}],"predecessor-version":[{"id":7196,"href":"https:\/\/backend.laurabiagiottiparfums.com\/de\/wp-json\/wp\/v2\/pages\/5721\/revisions\/7196"}],"wp:attachment":[{"href":"https:\/\/backend.laurabiagiottiparfums.com\/de\/wp-json\/wp\/v2\/media?parent=5721"}],"curies":[{"name":"wp","href":"https:\/\/api.w.org\/{rel}","templated":true}]}}