{"id":5845,"date":"2025-02-25T14:37:02","date_gmt":"2025-02-25T14:37:02","guid":{"rendered":"https:\/\/lb2025.figmenta.info\/wear-your-perfume-popup\/"},"modified":"2025-03-10T16:56:44","modified_gmt":"2025-03-10T16:56:44","slug":"wear-your-perfume-popup","status":"publish","type":"page","link":"https:\/\/backend.laurabiagiottiparfums.com\/de\/wear-your-perfume-popup\/","title":{"rendered":"Wear Your Perfume Popup"},"content":{"rendered":"","protected":false},"excerpt":{"rendered":"","protected":false},"author":2,"featured_media":0,"parent":0,"menu_order":0,"comment_status":"closed","ping_status":"closed","template":"","meta":{"_acf_changed":false,"footnotes":""},"class_list":["post-5845","page","type-page","status-publish","hentry"],"acf":{"fragranze_donna":false,"fragranze_uomo":false,"small_button_text":"Sie entdecken","profumi_roulette":false,"titolo_roulette":"Finden Sie Ihren perfekten Duft","testo_roulette":"Machen Sie unseren 4-Stufen-Test, um den perfekten Duft f\u00fcr Sie zu finden.","cta_roulette_text":"Starten Sie den Test","tema":"light","title_tag":"","meta_description":"","open_graph_image":false,"rf_section_title":"Andere D\u00fcfte","find_out_cta_text":"Erfahre mehr","wyp_title_screen_1":"Tragen Sie Ihr Parf\u00fcm","wyp_text_screen_1":"Erz\u00e4hlen Sie uns etwas mehr \u00fcber sich, und wir helfen Ihnen, Ihren perfekten Duft zu finden!","wyp_for_him_button_text":"F\u00fcr Ihn","wyp_for_her_button_text":"F\u00fcr Sie","wyp_title_screen_2":"Welche Noten bevorzugen Sie?","wyp_note_1":"Frisch & Zitrisch","wyp_note_2":"S\u00fc\u00df & sinnlich","wyp_note_3":"Blumig & Fruchtig","wyp_note_4":"W\u00fcrzig & holzig","wyp_title_screen_3":"Welcher Moment des Tages ist Ihr Lieblingsmoment?","wyp_time_1":"Sonnenaufgang","wyp_time_2":"Tags\u00fcber","wyp_time_3":"Sonnenuntergang","wyp_time_4":"Nacht","wyp_title_screen_4":"Sie bevorzugen ein Parf\u00fcm, das:","wyp_left_end_slider_text":"Leicht und diskret","wyp_right_end_slider_text_copia":"Intensiv und hartn\u00e4ckig","wyp_title_screen_5":"Entdecken Sie die perfekten D\u00fcfte f\u00fcr sich","wyp_button_next_text":" Enth\u00fclle die Ergebnisse","wyp_button_back_text":"Zur\u00fcck","wyp_button_esc_text":"Verlassen","wyp_picture_note_1":{"ID":4888,"id":4888,"title":"laura_biagiotti_parfum_note_olfattive_agrumi","filename":"laura_biagiotti_parfum_note_olfattive_agrumi.webp","filesize":71056,"url":"https:\/\/backend.laurabiagiottiparfums.com\/wp-content\/uploads\/2025\/02\/laura_biagiotti_parfum_note_olfattive_agrumi.webp","link":"https:\/\/backend.laurabiagiottiparfums.com\/de\/wear-your-perfume-popup\/laura_biagiotti_parfum_note_olfattive_agrumi-2\/","alt":"","author":"2","description":"","caption":"","name":"laura_biagiotti_parfum_note_olfattive_agrumi-2","status":"inherit","uploaded_to":5845,"date":"2025-02-19 11:06:22","modified":"2025-02-19 11:06:22","menu_order":0,"mime_type":"image\/webp","type":"image","subtype":"webp","icon":"https:\/\/backend.laurabiagiottiparfums.com\/wp-includes\/images\/media\/default.png","width":1400,"height":1400,"sizes":{"thumbnail":"https:\/\/backend.laurabiagiottiparfums.com\/wp-content\/uploads\/2025\/02\/laura_biagiotti_parfum_note_olfattive_agrumi-150x150.webp","thumbnail-width":150,"thumbnail-height":150,"medium":"https:\/\/backend.laurabiagiottiparfums.com\/wp-content\/uploads\/2025\/02\/laura_biagiotti_parfum_note_olfattive_agrumi-300x300.webp","medium-width":300,"medium-height":300,"medium_large":"https:\/\/backend.laurabiagiottiparfums.com\/wp-content\/uploads\/2025\/02\/laura_biagiotti_parfum_note_olfattive_agrumi-768x768.webp","medium_large-width":768,"medium_large-height":768,"large":"https:\/\/backend.laurabiagiottiparfums.com\/wp-content\/uploads\/2025\/02\/laura_biagiotti_parfum_note_olfattive_agrumi-1024x1024.webp","large-width":1024,"large-height":1024,"1536x1536":"https:\/\/backend.laurabiagiottiparfums.com\/wp-content\/uploads\/2025\/02\/laura_biagiotti_parfum_note_olfattive_agrumi.webp","1536x1536-width":1400,"1536x1536-height":1400,"2048x2048":"https:\/\/backend.laurabiagiottiparfums.com\/wp-content\/uploads\/2025\/02\/laura_biagiotti_parfum_note_olfattive_agrumi.webp","2048x2048-width":1400,"2048x2048-height":1400}},"wyp_picture_note_2":{"ID":5316,"id":5316,"title":"dolci-sensuali-1","filename":"dolci-sensuali-1-1.jpg","filesize":54472,"url":"https:\/\/backend.laurabiagiottiparfums.com\/wp-content\/uploads\/2025\/02\/dolci-sensuali-1-1.jpg","link":"https:\/\/backend.laurabiagiottiparfums.com\/de\/home\/dolci-sensuali-1-2-2\/","alt":"note dolci e sensuali","author":"2","description":"","caption":"","name":"dolci-sensuali-1-2-2","status":"inherit","uploaded_to":1049,"date":"2025-02-20 09:24:08","modified":"2025-02-20 09:24:17","menu_order":0,"mime_type":"image\/jpeg","type":"image","subtype":"jpeg","icon":"https:\/\/backend.laurabiagiottiparfums.com\/wp-includes\/images\/media\/default.png","width":767,"height":767,"sizes":{"thumbnail":"https:\/\/backend.laurabiagiottiparfums.com\/wp-content\/uploads\/2025\/02\/dolci-sensuali-1-1-150x150.jpg","thumbnail-width":150,"thumbnail-height":150,"medium":"https:\/\/backend.laurabiagiottiparfums.com\/wp-content\/uploads\/2025\/02\/dolci-sensuali-1-1-300x300.jpg","medium-width":300,"medium-height":300,"medium_large":"https:\/\/backend.laurabiagiottiparfums.com\/wp-content\/uploads\/2025\/02\/dolci-sensuali-1-1.jpg","medium_large-width":767,"medium_large-height":767,"large":"https:\/\/backend.laurabiagiottiparfums.com\/wp-content\/uploads\/2025\/02\/dolci-sensuali-1-1.jpg","large-width":767,"large-height":767,"1536x1536":"https:\/\/backend.laurabiagiottiparfums.com\/wp-content\/uploads\/2025\/02\/dolci-sensuali-1-1.jpg","1536x1536-width":767,"1536x1536-height":767,"2048x2048":"https:\/\/backend.laurabiagiottiparfums.com\/wp-content\/uploads\/2025\/02\/dolci-sensuali-1-1.jpg","2048x2048-width":767,"2048x2048-height":767}},"wyp_picture_note_3":{"ID":4967,"id":4967,"title":"laura_biagiotti_parfum_note_olfattive_cocco","filename":"laura_biagiotti_parfum_note_olfattive_cocco.webp","filesize":53874,"url":"https:\/\/backend.laurabiagiottiparfums.com\/wp-content\/uploads\/2025\/02\/laura_biagiotti_parfum_note_olfattive_cocco.webp","link":"https:\/\/backend.laurabiagiottiparfums.com\/de\/home\/laura_biagiotti_parfum_note_olfattive_cocco-2\/","alt":"","author":"2","description":"","caption":"","name":"laura_biagiotti_parfum_note_olfattive_cocco-2","status":"inherit","uploaded_to":1049,"date":"2025-02-19 11:26:12","modified":"2025-02-20 13:38:33","menu_order":0,"mime_type":"image\/webp","type":"image","subtype":"webp","icon":"https:\/\/backend.laurabiagiottiparfums.com\/wp-includes\/images\/media\/default.png","width":1400,"height":1400,"sizes":{"thumbnail":"https:\/\/backend.laurabiagiottiparfums.com\/wp-content\/uploads\/2025\/02\/laura_biagiotti_parfum_note_olfattive_cocco-150x150.webp","thumbnail-width":150,"thumbnail-height":150,"medium":"https:\/\/backend.laurabiagiottiparfums.com\/wp-content\/uploads\/2025\/02\/laura_biagiotti_parfum_note_olfattive_cocco-300x300.webp","medium-width":300,"medium-height":300,"medium_large":"https:\/\/backend.laurabiagiottiparfums.com\/wp-content\/uploads\/2025\/02\/laura_biagiotti_parfum_note_olfattive_cocco-768x768.webp","medium_large-width":768,"medium_large-height":768,"large":"https:\/\/backend.laurabiagiottiparfums.com\/wp-content\/uploads\/2025\/02\/laura_biagiotti_parfum_note_olfattive_cocco-1024x1024.webp","large-width":1024,"large-height":1024,"1536x1536":"https:\/\/backend.laurabiagiottiparfums.com\/wp-content\/uploads\/2025\/02\/laura_biagiotti_parfum_note_olfattive_cocco.webp","1536x1536-width":1400,"1536x1536-height":1400,"2048x2048":"https:\/\/backend.laurabiagiottiparfums.com\/wp-content\/uploads\/2025\/02\/laura_biagiotti_parfum_note_olfattive_cocco.webp","2048x2048-width":1400,"2048x2048-height":1400}},"wyp_picture_note_4":{"ID":5320,"id":5320,"title":"speziate-legnose-1-1","filename":"speziate-legnose-1-1-1.jpg","filesize":94620,"url":"https:\/\/backend.laurabiagiottiparfums.com\/wp-content\/uploads\/2025\/02\/speziate-legnose-1-1-1.jpg","link":"https:\/\/backend.laurabiagiottiparfums.com\/de\/home\/speziate-legnose-1-1-2\/","alt":"","author":"2","description":"","caption":"","name":"speziate-legnose-1-1-2","status":"inherit","uploaded_to":1049,"date":"2025-02-20 09:26:06","modified":"2025-02-20 09:26:06","menu_order":0,"mime_type":"image\/jpeg","type":"image","subtype":"jpeg","icon":"https:\/\/backend.laurabiagiottiparfums.com\/wp-includes\/images\/media\/default.png","width":767,"height":767,"sizes":{"thumbnail":"https:\/\/backend.laurabiagiottiparfums.com\/wp-content\/uploads\/2025\/02\/speziate-legnose-1-1-1-150x150.jpg","thumbnail-width":150,"thumbnail-height":150,"medium":"https:\/\/backend.laurabiagiottiparfums.com\/wp-content\/uploads\/2025\/02\/speziate-legnose-1-1-1-300x300.jpg","medium-width":300,"medium-height":300,"medium_large":"https:\/\/backend.laurabiagiottiparfums.com\/wp-content\/uploads\/2025\/02\/speziate-legnose-1-1-1.jpg","medium_large-width":767,"medium_large-height":767,"large":"https:\/\/backend.laurabiagiottiparfums.com\/wp-content\/uploads\/2025\/02\/speziate-legnose-1-1-1.jpg","large-width":767,"large-height":767,"1536x1536":"https:\/\/backend.laurabiagiottiparfums.com\/wp-content\/uploads\/2025\/02\/speziate-legnose-1-1-1.jpg","1536x1536-width":767,"1536x1536-height":767,"2048x2048":"https:\/\/backend.laurabiagiottiparfums.com\/wp-content\/uploads\/2025\/02\/speziate-legnose-1-1-1.jpg","2048x2048-width":767,"2048x2048-height":767}},"wyp_picture_time_1":{"ID":5830,"id":5830,"title":"Alba","filename":"Alba.png","filesize":111748,"url":"https:\/\/backend.laurabiagiottiparfums.com\/wp-content\/uploads\/2025\/02\/Alba.png","link":"https:\/\/backend.laurabiagiottiparfums.com\/de\/wear-your-perfume-popup\/alba-2\/","alt":"","author":"2","description":"","caption":"","name":"alba-2","status":"inherit","uploaded_to":5845,"date":"2025-02-25 15:15:03","modified":"2025-02-25 15:15:03","menu_order":0,"mime_type":"image\/png","type":"image","subtype":"png","icon":"https:\/\/backend.laurabiagiottiparfums.com\/wp-includes\/images\/media\/default.png","width":289,"height":289,"sizes":{"thumbnail":"https:\/\/backend.laurabiagiottiparfums.com\/wp-content\/uploads\/2025\/02\/Alba-150x150.png","thumbnail-width":150,"thumbnail-height":150,"medium":"https:\/\/backend.laurabiagiottiparfums.com\/wp-content\/uploads\/2025\/02\/Alba.png","medium-width":289,"medium-height":289,"medium_large":"https:\/\/backend.laurabiagiottiparfums.com\/wp-content\/uploads\/2025\/02\/Alba.png","medium_large-width":289,"medium_large-height":289,"large":"https:\/\/backend.laurabiagiottiparfums.com\/wp-content\/uploads\/2025\/02\/Alba.png","large-width":289,"large-height":289,"1536x1536":"https:\/\/backend.laurabiagiottiparfums.com\/wp-content\/uploads\/2025\/02\/Alba.png","1536x1536-width":289,"1536x1536-height":289,"2048x2048":"https:\/\/backend.laurabiagiottiparfums.com\/wp-content\/uploads\/2025\/02\/Alba.png","2048x2048-width":289,"2048x2048-height":289}},"wyp_picture_time_2":{"ID":5833,"id":5833,"title":"Giorno","filename":"Giorno.png","filesize":106174,"url":"https:\/\/backend.laurabiagiottiparfums.com\/wp-content\/uploads\/2025\/02\/Giorno.png","link":"https:\/\/backend.laurabiagiottiparfums.com\/de\/wear-your-perfume-popup\/giorno-2\/","alt":"","author":"2","description":"","caption":"","name":"giorno-2","status":"inherit","uploaded_to":5845,"date":"2025-02-25 15:15:04","modified":"2025-02-25 15:15:04","menu_order":0,"mime_type":"image\/png","type":"image","subtype":"png","icon":"https:\/\/backend.laurabiagiottiparfums.com\/wp-includes\/images\/media\/default.png","width":289,"height":289,"sizes":{"thumbnail":"https:\/\/backend.laurabiagiottiparfums.com\/wp-content\/uploads\/2025\/02\/Giorno-150x150.png","thumbnail-width":150,"thumbnail-height":150,"medium":"https:\/\/backend.laurabiagiottiparfums.com\/wp-content\/uploads\/2025\/02\/Giorno.png","medium-width":289,"medium-height":289,"medium_large":"https:\/\/backend.laurabiagiottiparfums.com\/wp-content\/uploads\/2025\/02\/Giorno.png","medium_large-width":289,"medium_large-height":289,"large":"https:\/\/backend.laurabiagiottiparfums.com\/wp-content\/uploads\/2025\/02\/Giorno.png","large-width":289,"large-height":289,"1536x1536":"https:\/\/backend.laurabiagiottiparfums.com\/wp-content\/uploads\/2025\/02\/Giorno.png","1536x1536-width":289,"1536x1536-height":289,"2048x2048":"https:\/\/backend.laurabiagiottiparfums.com\/wp-content\/uploads\/2025\/02\/Giorno.png","2048x2048-width":289,"2048x2048-height":289}},"wyp_picture_time_3":{"ID":5839,"id":5839,"title":"Tramonto","filename":"Tramonto.png","filesize":141112,"url":"https:\/\/backend.laurabiagiottiparfums.com\/wp-content\/uploads\/2025\/02\/Tramonto.png","link":"https:\/\/backend.laurabiagiottiparfums.com\/de\/wear-your-perfume-popup\/tramonto-2\/","alt":"","author":"2","description":"","caption":"","name":"tramonto-2","status":"inherit","uploaded_to":5845,"date":"2025-02-25 15:15:06","modified":"2025-02-25 15:15:06","menu_order":0,"mime_type":"image\/png","type":"image","subtype":"png","icon":"https:\/\/backend.laurabiagiottiparfums.com\/wp-includes\/images\/media\/default.png","width":289,"height":289,"sizes":{"thumbnail":"https:\/\/backend.laurabiagiottiparfums.com\/wp-content\/uploads\/2025\/02\/Tramonto-150x150.png","thumbnail-width":150,"thumbnail-height":150,"medium":"https:\/\/backend.laurabiagiottiparfums.com\/wp-content\/uploads\/2025\/02\/Tramonto.png","medium-width":289,"medium-height":289,"medium_large":"https:\/\/backend.laurabiagiottiparfums.com\/wp-content\/uploads\/2025\/02\/Tramonto.png","medium_large-width":289,"medium_large-height":289,"large":"https:\/\/backend.laurabiagiottiparfums.com\/wp-content\/uploads\/2025\/02\/Tramonto.png","large-width":289,"large-height":289,"1536x1536":"https:\/\/backend.laurabiagiottiparfums.com\/wp-content\/uploads\/2025\/02\/Tramonto.png","1536x1536-width":289,"1536x1536-height":289,"2048x2048":"https:\/\/backend.laurabiagiottiparfums.com\/wp-content\/uploads\/2025\/02\/Tramonto.png","2048x2048-width":289,"2048x2048-height":289}},"wyp_picture_time_4":{"ID":5836,"id":5836,"title":"Notte","filename":"Notte.png","filesize":151769,"url":"https:\/\/backend.laurabiagiottiparfums.com\/wp-content\/uploads\/2025\/02\/Notte.png","link":"https:\/\/backend.laurabiagiottiparfums.com\/de\/wear-your-perfume-popup\/notte-2\/","alt":"","author":"2","description":"","caption":"","name":"notte-2","status":"inherit","uploaded_to":5845,"date":"2025-02-25 15:15:05","modified":"2025-02-25 15:15:05","menu_order":0,"mime_type":"image\/png","type":"image","subtype":"png","icon":"https:\/\/backend.laurabiagiottiparfums.com\/wp-includes\/images\/media\/default.png","width":289,"height":289,"sizes":{"thumbnail":"https:\/\/backend.laurabiagiottiparfums.com\/wp-content\/uploads\/2025\/02\/Notte-150x150.png","thumbnail-width":150,"thumbnail-height":150,"medium":"https:\/\/backend.laurabiagiottiparfums.com\/wp-content\/uploads\/2025\/02\/Notte.png","medium-width":289,"medium-height":289,"medium_large":"https:\/\/backend.laurabiagiottiparfums.com\/wp-content\/uploads\/2025\/02\/Notte.png","medium_large-width":289,"medium_large-height":289,"large":"https:\/\/backend.laurabiagiottiparfums.com\/wp-content\/uploads\/2025\/02\/Notte.png","large-width":289,"large-height":289,"1536x1536":"https:\/\/backend.laurabiagiottiparfums.com\/wp-content\/uploads\/2025\/02\/Notte.png","1536x1536-width":289,"1536x1536-height":289,"2048x2048":"https:\/\/backend.laurabiagiottiparfums.com\/wp-content\/uploads\/2025\/02\/Notte.png","2048x2048-width":289,"2048x2048-height":289}}},"_links":{"self":[{"href":"https:\/\/backend.laurabiagiottiparfums.com\/de\/wp-json\/wp\/v2\/pages\/5845","targetHints":{"allow":["GET"]}}],"collection":[{"href":"https:\/\/backend.laurabiagiottiparfums.com\/de\/wp-json\/wp\/v2\/pages"}],"about":[{"href":"https:\/\/backend.laurabiagiottiparfums.com\/de\/wp-json\/wp\/v2\/types\/page"}],"author":[{"embeddable":true,"href":"https:\/\/backend.laurabiagiottiparfums.com\/de\/wp-json\/wp\/v2\/users\/2"}],"replies":[{"embeddable":true,"href":"https:\/\/backend.laurabiagiottiparfums.com\/de\/wp-json\/wp\/v2\/comments?post=5845"}],"version-history":[{"count":5,"href":"https:\/\/backend.laurabiagiottiparfums.com\/de\/wp-json\/wp\/v2\/pages\/5845\/revisions"}],"predecessor-version":[{"id":7149,"href":"https:\/\/backend.laurabiagiottiparfums.com\/de\/wp-json\/wp\/v2\/pages\/5845\/revisions\/7149"}],"wp:attachment":[{"href":"https:\/\/backend.laurabiagiottiparfums.com\/de\/wp-json\/wp\/v2\/media?parent=5845"}],"curies":[{"name":"wp","href":"https:\/\/api.w.org\/{rel}","templated":true}]}}