{"id":6039,"date":"2025-02-27T08:28:31","date_gmt":"2025-02-27T08:28:31","guid":{"rendered":"https:\/\/lb2025.figmenta.info\/terms-of-use\/"},"modified":"2025-03-10T16:55:39","modified_gmt":"2025-03-10T16:55:39","slug":"terms-of-use","status":"publish","type":"page","link":"https:\/\/backend.laurabiagiottiparfums.com\/de\/terms-of-use\/","title":{"rendered":"Terms Of Use"},"content":{"rendered":"","protected":false},"excerpt":{"rendered":"","protected":false},"author":2,"featured_media":0,"parent":0,"menu_order":0,"comment_status":"closed","ping_status":"closed","template":"","meta":{"_acf_changed":false,"footnotes":""},"class_list":["post-6039","page","type-page","status-publish","hentry"],"acf":{"fragranze_donna":false,"fragranze_uomo":false,"small_button_text":"Sie entdecken","profumi_roulette":false,"titolo_roulette":"Finden Sie Ihren perfekten Duft","testo_roulette":"Machen Sie unseren 4-Stufen-Test, um den perfekten Duft f\u00fcr Sie zu finden.","cta_roulette_text":"Starten Sie den Test","tema":"light","title_tag":"","meta_description":"","open_graph_image":false,"rf_section_title":"Andere D\u00fcfte","find_out_cta_text":"Sie entdecken","legal_page_field":"<div class=\"elementor-element elementor-element-082077a e-flex e-con-boxed e-con e-parent e-lazyloaded\" data-id=\"082077a\" data-element_type=\"container\">\n<div class=\"e-con-inner\">\n<div class=\"elementor-element elementor-element-3c28762 elementor-widget elementor-widget-heading\" data-id=\"3c28762\" data-element_type=\"widget\" data-widget_type=\"heading.default\">\n<div class=\"elementor-widget-container\">\n<div class=\"elementor-element elementor-element-96b2e48 e-flex e-con-boxed e-con e-parent e-lazyloaded\" data-id=\"96b2e48\" data-element_type=\"container\">\n<div class=\"e-con-inner\">\n<div class=\"elementor-element elementor-element-073ad05 elementor-widget elementor-widget-heading\" data-id=\"073ad05\" data-element_type=\"widget\" data-widget_type=\"heading.default\">\n<div class=\"elementor-widget-container\">\n<div class=\"elementor-element elementor-element-49e35bf e-flex e-con-boxed e-con e-parent e-lazyloaded\" data-id=\"49e35bf\" data-element_type=\"container\">\n<div class=\"e-con-inner\">\n<div class=\"elementor-element elementor-element-f04b9ed elementor-widget elementor-widget-heading\" data-id=\"f04b9ed\" data-element_type=\"widget\" data-widget_type=\"heading.default\">\n<div class=\"elementor-widget-container\">\n<h1 class=\"elementor-heading-title elementor-size-default\">Nutzungsbedingungen<\/h1>\n<p>&nbsp;<\/p>\n<\/div>\n<\/div>\n<\/div>\n<\/div>\n<div class=\"elementor-element elementor-element-eb3c4f0 e-flex e-con-boxed e-con e-parent e-lazyloaded\" data-id=\"eb3c4f0\" data-element_type=\"container\">\n<div class=\"e-con-inner\">\n<div class=\"elementor-element elementor-element-7291cdb elementor-widget elementor-widget-text-editor\" data-id=\"7291cdb\" data-element_type=\"widget\" data-widget_type=\"text-editor.default\">\n<div class=\"elementor-widget-container\">\n<p><span lang=\"de-DE\" xml:lang=\"de-DE\">Vielen Dank f\u00fcr Ihren Besuch auf unserer Website https:\/\/www.laurabiagiottiparfums.com\/de (nachstehend die \u201eWebsite\u201d), die von AB Parfums S.p.A. mit Sitz in Mailand, Via Melchiorre Gioia, 8 \u2013 20124 Mailand, Italien, P.I. MI 03262350 964, E-Mail\u00a0<\/span><a href=\"mailto:info@angelinibeauty.it\"><span lang=\"de-DE\" xml:lang=\"de-DE\">info@angelinibeauty.it<\/span><\/a><span lang=\"de-DE\" xml:lang=\"de-DE\">\u00a0verwaltet wird.<\/span><\/p>\n<p><span lang=\"de-DE\" xml:lang=\"de-DE\">Nachstehend finden Sie die Bedingungen, die Ihren Zugang zu und Ihre Nutzung der Website regeln (im Folgenden die \u201eNutzungsbedingungen\u201d). Bitte lesen Sie diese sorgf\u00e4ltig durch und z\u00f6gern Sie nicht, sich bei Unklarheiten an uns zu wenden, indem Sie an die folgende Adresse schreiben\u00a0<\/span><a href=\"mailto:info@angelinibeauty.it\"><span lang=\"de-DE\" xml:lang=\"de-DE\">info@angelinibeauty.it<\/span><\/a><span lang=\"en-US\" xml:lang=\"en-US\">\u00a0.<\/span><\/p>\n<p><span lang=\"de-DE\" xml:lang=\"de-DE\">Sie sollten sich auch die\u00a0<\/span><span lang=\"de-DE\" xml:lang=\"de-DE\"><a href=\"https:\/\/www.laurabiagiottiparfums.com\/de\/node\/21\">Cookie-Richtlinie<\/a>\u00a0und die\u00a0<a href=\"https:\/\/www.laurabiagiottiparfums.com\/de\/node\/20\">Datenschutzrichtlinie<\/a><\/span><span lang=\"de-DE\" xml:lang=\"de-DE\">\u00a0<\/span><span lang=\"de-DE\" xml:lang=\"de-DE\">ansehen, in denen wir erkl\u00e4ren, welche Art von Cookies diese Website verwendet und wie und zu welchem Zweck wir Ihre personenbezogenen Daten verarbeiten<\/span><span lang=\"de-DE\" xml:lang=\"de-DE\">.<\/span><\/p>\n<p><span lang=\"de-DE\" xml:lang=\"de-DE\">Die vorliegenden Nutzungsbedingungen sowie die Datenschutz- und Cookie-Richtlinie gelten nicht f\u00fcr Websites, die von anderen Parteien als AB Parfums\u00a0betrieben werden und deren Links auf der Website vorhanden sind.<\/span><\/p>\n<p><span lang=\"de-DE\" xml:lang=\"de-DE\">Wenn Sie mit unseren Nutzungsbedingungen ganz oder teilweise nicht einverstanden sind, fahren Sie bitte nicht fort, die Dienste der Website zu durchsuchen und zu nutzen<\/span><span lang=\"de-DE\" xml:lang=\"de-DE\">.<\/span><\/p>\n<p><span lang=\"de-DE\" xml:lang=\"de-DE\">Abschlie\u00dfend m\u00f6chten wir darauf hinweisen, dass der Zugang und die Nutzung der Website, einschlie\u00dflich der Anzeige von Webseiten, der Kommunikation mit uns und, soweit m\u00f6glich, der M\u00f6glichkeit des Herunterladens von Produktinformationen, Aktivit\u00e4ten darstellen, die sich ausschlie\u00dflich an unsere Nutzer zu deren pers\u00f6nlichen Zwecken richten und in keinem Zusammenhang mit einer kommerziellen, unternehmerischen oder beruflichen T\u00e4tigkeit stehen, die sie aus\u00fcben k\u00f6nnen.<\/span><\/p>\n<p>AB Parfums\u00a0kann in keiner Weise f\u00fcr die nicht konforme Nutzung der Website und ihrer Inhalte durch einen ihrer Nutzer verantwortlich gemacht werden.<\/p>\n<h4><span lang=\"de-DE\" xml:lang=\"de-DE\"><strong>Geistiges Eigentum<\/strong><\/span><\/h4>\n<p><span lang=\"de-DE\" xml:lang=\"de-DE\">Wir informieren Sie dar\u00fcber, dass die Inhalte der Website in jedem Format, einschlie\u00dflich der Texte, des Designs, der Grafiken, der Farben, der Schemata, der Tools, der Schriftarten, des Layouts, der Methoden, der Prozesse, der Funktionen und der Software, die Teil der Website sind, Eigentum von AB Parfums\u00a0oder von Lizenzgebern Dritter sind. Die vollst\u00e4ndige oder teilweise Vervielf\u00e4ltigung der Website und ihrer Inhalte in jeglicher Form ohne die ausdr\u00fcckliche Zustimmung von AB Parfums\u00a0oder der Rechteinhaber ist untersagt; dar\u00fcber hinaus ist jede systematische Extraktion oder Wiederverwendung der auf der Website vorhandenen Inhalte ohne die ausdr\u00fcckliche Genehmigung von AB Parfums\u00a0verboten.<\/span><\/p>\n<p><span lang=\"de-DE\" xml:lang=\"de-DE\">Die Logos, Marken und alle Unterscheidungszeichen, die die Produkte auf der Website kennzeichnen, sind eingetragene Marken (von) der jeweiligen Inhaber die von diesen an AB Parfums\u00a0lizenziert wurden, und werden auf der Website ausschlie\u00dflich zum Zweck der Kennzeichnung, Beschreibung und Werbung f\u00fcr diese Produkte verwendet. Diese Logos, Marken und Unterscheidungszeichen d\u00fcrfen nicht ohne die ausdr\u00fcckliche Zustimmung der jeweiligen Inhaber verwendet werden, auch nicht zur Unterscheidung von Produkten oder Dienstleistungen, die denen von AB Parfums\u00a0und anderen Markeninhabern nicht \u00e4hnlich sind. Inhaber von eingetragenen Marken haben das Recht, ihre Marken exklusiv zu nutzen.<\/span><\/p>\n<p><span lang=\"de-DE\" xml:lang=\"de-DE\">AB Parfums\u00a0ist ausschlie\u00dflicher Inhaber der Logos und Marken von AB Parfums\u00a0sowie aller anderen Unterscheidungszeichen, die diese enthalten, einschlie\u00dflich des Domainnamens \u201e.angelinibeauty\u201d. Jegliche unerlaubte Verwendung von Kennzeichen, die Eigentum von AB Parfums\u00a0sind, ist verboten, ebenso wie jede Verwendung in Bezug auf Produkte oder Dienstleistungen, die nicht von AB Parfums\u00a0stammen, oder in einer Weise, die bei den Kunden Verwirrung stiften oder AB Parfums\u00a0verunglimpfen oder in Verruf bringen k\u00f6nnte.<\/span><\/p>\n<p><span lang=\"de-DE\" xml:lang=\"de-DE\">AB Parfums\u00a0beh\u00e4lt sich als Inhaberin der ausschlie\u00dflichen Nutzungsrechte an der Website das Recht vor, Ihren Zugang zur Website oder deren Nutzung ohne Vorank\u00fcndigung zu beenden oder auszusetzen, wenn der begr\u00fcndete Verdacht besteht, dass Sie gegen diese Nutzungsbedingungen der Website versto\u00dfen haben, oder wenn eine solche Ma\u00dfnahme aus Sicherheitsgr\u00fcnden f\u00fcr notwendig erachtet wird.<\/span><\/p>\n<h4><span lang=\"de-DE\" xml:lang=\"de-DE\"><strong>Links zu Websites Dritter und Inhalte Dritter<\/strong><\/span><\/h4>\n<p><span lang=\"de-DE\" xml:lang=\"de-DE\">Die Website kann Links zu anderen externen Websites enthalten, die ausschlie\u00dflich der Erleichterung von Hypertext-Links zu solchen Websites dienen (z.B. E-Commerce-Sites von Gesch\u00e4ftspartnern oder Dritten), um den Abruf und den Kauf von Produkten auf der Website zu erm\u00f6glichen. Die Website kann auch von Dritten erstellte Inhalte, Informationen aus \u00f6ffentlichen Quellen und\/oder Links zu Webseiten enthalten, verwenden oder deren Anzeige erm\u00f6glichen.<\/span><\/p>\n<p><span lang=\"de-DE\" xml:lang=\"de-DE\">Insbesondere in Bezug auf Links zu externen Websites weisen wir darauf hin, dass wir keine Kontrolle \u00fcber die Art und Weise haben, in der diese Websites ihre Dienste anbieten und Ihre pers\u00f6nlichen Daten verarbeiten, und dass wir daf\u00fcr keine Gew\u00e4hr \u00fcbernehmen. Sie werden daher gebeten, aufmerksam zu sein, wenn Sie \u00fcber die Links auf der Website eine Verbindung zu solchen Websites herstellen, und die Nutzungsbedingungen und die Datenschutzrichtlinie dieser Websites sorgf\u00e4ltig zu lesen. AB Parfums\u00a0kann in keiner Weise als Teil einer Verbraucherbeziehung betrachtet werden, die mit externen Websites f\u00fcr den Kauf von Produkten, die auf der Website ver\u00f6ffentlicht werden, geschaffen werden kann, eine Beziehung, die durch die Service- und Verkaufsbedingungen der externen Website geregelt wird und der AB Parfums\u00a0fremd ist<\/span><span lang=\"de-DE\" xml:lang=\"de-DE\">.<\/span><\/p>\n<p><span lang=\"de-DE\" xml:lang=\"de-DE\">Bitte beachten Sie, dass Links oder Verweise auf Websites oder Inhalte Dritter keine Billigung oder Garantie von AB Parfums\u00a0f\u00fcr diese verlinkten oder referenzierten Websites oder Inhalte darstellen und auch nicht als solche ausgelegt werden k\u00f6nnen.<\/span><\/p>\n<p><span lang=\"de-DE\" xml:lang=\"de-DE\">AB Parfums\u00a0lehnt jegliche Haftung in Bezug auf Verluste oder Sch\u00e4den ab, die Ihnen durch den Zugriff auf Inhalte Dritter, deren Nutzung, das Vertrauen auf diese Inhalte oder durch den Kauf von Produkten oder Dienstleistungen, die auf externen Seiten zur Verf\u00fcgung gestellt werden, entstehen k\u00f6nnen.<\/span><\/p>\n<h4><span lang=\"de-DE\" xml:lang=\"de-DE\"><strong>Link zu dieser Website<\/strong><\/span><\/h4>\n<p><span lang=\"de-DE\" xml:lang=\"de-DE\">Es ist m\u00f6glich, einen Link zu unserer Homepage einzurichten, sofern dies auf legitime und korrekte Weise geschieht, ohne den Ruf der Website, von AB Parfums\u00a0oder ihren Lizenzgebern, den Inhabern der Rechte an den Inhalten der Website, zu sch\u00e4digen, und ohne dass daraus ein unzul\u00e4ssiger kommerzieller Vorteil gezogen wird.<\/span><\/p>\n<p><span lang=\"de-DE\" xml:lang=\"de-DE\">Es wird in jedem Fall davon ausgegangen, dass der Link in keiner Weise die Existenz einer Verbindung, Genehmigung oder Unterst\u00fctzung durch AB Parfums\u00a0suggeriert.<\/span><\/p>\n<p><span lang=\"de-DE\" xml:lang=\"de-DE\">Ungeachtet des Vorstehenden darf nichts von dieser Website auf einer anderen Website reproduziert werden, noch darf ein Link zu einem anderen Teil der Website als der Startseite erstellt werd.<\/span><\/p>\n<h4><span lang=\"de-DE\" xml:lang=\"de-DE\"><strong>\u00c4nderungen am Inhalt der Website<\/strong><\/span><\/h4>\n<p><span lang=\"de-DE\" xml:lang=\"de-DE\">Die Website hat einen rein informativen und werbenden Zweck f\u00fcr die auf ihr pr\u00e4sentierten Produkte. Bitte beachten Sie, dass die Bilder und Informationen auf der Website lediglich zur Veranschaulichung der Art und der Qualit\u00e4t der Produkte dienen. AB Parfums\u00a0kann daher nicht f\u00fcr Sch\u00e4den haftbar gemacht werden, die durch Abweichungen oder \u00c4nderungen zwischen den Produkten und den auf der Website ver\u00f6ffentlichten Bildern und Textbeschreibungen entstehen.<\/span><\/p>\n<p><span lang=\"de-DE\" xml:lang=\"de-DE\">In jedem Fall kann AB Parfums\u00a0die Informationen auf der Website \u00e4ndern, ohne den Benutzer vorher dar\u00fcber informieren zu m\u00fcssen.<\/span><\/p>\n<h4><span lang=\"de-DE\" xml:lang=\"de-DE\"><strong>\u00c4nderung der Nutzungsbedingungen<\/strong><\/span><\/h4>\n<p><span lang=\"de-DE\" xml:lang=\"de-DE\">AB Parfums\u00a0beh\u00e4lt sich das Recht vor, die vorliegenden Nutzungsbedingungen aus berechtigten Gr\u00fcnden zu \u00e4ndern, wie z.B. bei der Weiterentwicklung der Dienstleistungen, bei \u00c4nderungen der technischen und kommerziellen Kosten f\u00fcr die Erbringung der Dienstleistungen und\/oder bei einer \u00c4nderung des Wettbewerbsumfelds, die sich auf die Nutzung der Website und ihrer Dienstleistungen auswirkt, sowie bei der \u00dcberwachung von technischen oder verwaltungstechnischen Anforderungen und\/oder bei \u00c4nderungen der geltenden Vorschriften.<\/span><\/p>\n<p><span lang=\"de-DE\" xml:lang=\"de-DE\">Es wird davon ausgegangen, dass zwingende Rechts- und Verwaltungsvorschriften, die zu \u00c4nderungen oder Erg\u00e4nzungen der in den Nutzungsbedingungen enthaltenen Regeln f\u00fchren, automatisch und von Rechts wegen in diese aufgenommen werden.<\/span><\/p>\n<h4><span lang=\"de-DE\" xml:lang=\"de-DE\"><strong>Anwendbares Recht und Gerichtsstand f\u00fcr Streitigkeiten<\/strong><\/span><\/h4>\n<p><span lang=\"de-DE\" xml:lang=\"de-DE\">Diese Nutzungsbedingungen unterliegen den Gesetzen Italiens und sind nach diesen auszulegen. Aufgrund Ihrer Eigenschaft als Verbraucher ist das Gericht Ihres Wohnsitzes oder Ihres Aufenthaltsortes f\u00fcr Streitigkeiten im Zusammenhang mit dem geschlossenen Vertrag zust\u00e4ndig.<\/span><\/p>\n<p><span lang=\"de-DE\" xml:lang=\"de-DE\">Wir informieren Sie auch dar\u00fcber, dass die Europ\u00e4ische Kommission eine Plattform f\u00fcr die au\u00dfergerichtliche Streitbeilegung bereitstellt, die unter http:\/\/ec.europa.eu\/odr zug\u00e4nglich ist und an die Sie sich im Falle von Streitigkeiten im Zusammenhang mit diesen Nutzungsbedingungen wenden k\u00f6nnen.<\/span><\/p>\n<h4><span lang=\"de-DE\" xml:lang=\"de-DE\"><strong>So kontaktieren Sie\u00a0<\/strong><\/span><b>AB Parfums<\/b><\/h4>\n<p><span lang=\"de-DE\" xml:lang=\"de-DE\">Wenn Sie sich mit uns in Verbindung setzen m\u00f6chten, um Informationen zu erhalten oder uns Bemerkungen oder Berichte \u00fcber den Inhalt dieser Website mitzuteilen, k\u00f6nnen Sie eine Mitteilung an info@angelinibeauty.it senden<\/span><\/p>\n<\/div>\n<\/div>\n<\/div>\n<\/div>\n<\/div>\n<\/div>\n<\/div>\n<\/div>\n<\/div>\n<\/div>\n<\/div>\n<\/div>\n"},"_links":{"self":[{"href":"https:\/\/backend.laurabiagiottiparfums.com\/de\/wp-json\/wp\/v2\/pages\/6039","targetHints":{"allow":["GET"]}}],"collection":[{"href":"https:\/\/backend.laurabiagiottiparfums.com\/de\/wp-json\/wp\/v2\/pages"}],"about":[{"href":"https:\/\/backend.laurabiagiottiparfums.com\/de\/wp-json\/wp\/v2\/types\/page"}],"author":[{"embeddable":true,"href":"https:\/\/backend.laurabiagiottiparfums.com\/de\/wp-json\/wp\/v2\/users\/2"}],"replies":[{"embeddable":true,"href":"https:\/\/backend.laurabiagiottiparfums.com\/de\/wp-json\/wp\/v2\/comments?post=6039"}],"version-history":[{"count":3,"href":"https:\/\/backend.laurabiagiottiparfums.com\/de\/wp-json\/wp\/v2\/pages\/6039\/revisions"}],"predecessor-version":[{"id":7148,"href":"https:\/\/backend.laurabiagiottiparfums.com\/de\/wp-json\/wp\/v2\/pages\/6039\/revisions\/7148"}],"wp:attachment":[{"href":"https:\/\/backend.laurabiagiottiparfums.com\/de\/wp-json\/wp\/v2\/media?parent=6039"}],"curies":[{"name":"wp","href":"https:\/\/api.w.org\/{rel}","templated":true}]}}