{"id":6295,"date":"2025-03-01T11:30:20","date_gmt":"2025-03-01T11:30:20","guid":{"rendered":"https:\/\/lb2025.figmenta.info\/instructions-for-recycling-collection-of-packaging\/"},"modified":"2025-03-10T16:54:36","modified_gmt":"2025-03-10T16:54:36","slug":"anweisungen-fuer-die-getrennte-sammlung-von-verpackungen","status":"publish","type":"page","link":"https:\/\/backend.laurabiagiottiparfums.com\/de\/anweisungen-fuer-die-getrennte-sammlung-von-verpackungen\/","title":{"rendered":"Raccolta Differenziata Imballaggi"},"content":{"rendered":"","protected":false},"excerpt":{"rendered":"","protected":false},"author":2,"featured_media":0,"parent":0,"menu_order":0,"comment_status":"closed","ping_status":"closed","template":"","meta":{"_acf_changed":false,"footnotes":""},"class_list":["post-6295","page","type-page","status-publish","hentry"],"acf":{"fragranze_donna":false,"fragranze_uomo":false,"small_button_text":"Scopri","profumi_roulette":false,"titolo_roulette":"Finden Sie Ihren perfekten Duft","testo_roulette":"Machen Sie unseren 4-Stufen-Test, um den perfekten Duft f\u00fcr Sie zu finden.","cta_roulette_text":"Starten Sie den Test","tema":"light","title_tag":"","meta_description":"","open_graph_image":false,"rf_section_title":"Andere D\u00fcfte","find_out_cta_text":"Sie entdecken","ird_title":"Wie Verwertet man Laura Biagiotti produkte wieder?","ird_eyebrow_title":"Getrennte Sammlung","ird_cta":{"title":"Erfahre mehr","url":"https:\/\/www.angelinibeauty.com\/en\/recycle-your-products\/","target":"_blank"},"ird_image":{"ID":6288,"id":6288,"title":"roma_fiori_bianchi_laura_biagiotti_parfums","filename":"roma_fiori_bianchi_laura_biagiotti_parfums-scaled.webp","filesize":124864,"url":"https:\/\/backend.laurabiagiottiparfums.com\/wp-content\/uploads\/2025\/03\/roma_fiori_bianchi_laura_biagiotti_parfums-scaled.webp","link":"https:\/\/backend.laurabiagiottiparfums.com\/de\/anweisungen-fuer-die-getrennte-sammlung-von-verpackungen\/roma_fiori_bianchi_laura_biagiotti_parfums-2\/","alt":"","author":"2","description":"","caption":"","name":"roma_fiori_bianchi_laura_biagiotti_parfums-2","status":"inherit","uploaded_to":6295,"date":"2025-03-01 11:37:56","modified":"2025-03-01 11:37:56","menu_order":0,"mime_type":"image\/webp","type":"image","subtype":"webp","icon":"https:\/\/backend.laurabiagiottiparfums.com\/wp-includes\/images\/media\/default.png","width":2560,"height":1610,"sizes":{"thumbnail":"https:\/\/backend.laurabiagiottiparfums.com\/wp-content\/uploads\/2025\/03\/roma_fiori_bianchi_laura_biagiotti_parfums-150x150.webp","thumbnail-width":150,"thumbnail-height":150,"medium":"https:\/\/backend.laurabiagiottiparfums.com\/wp-content\/uploads\/2025\/03\/roma_fiori_bianchi_laura_biagiotti_parfums-300x189.webp","medium-width":300,"medium-height":189,"medium_large":"https:\/\/backend.laurabiagiottiparfums.com\/wp-content\/uploads\/2025\/03\/roma_fiori_bianchi_laura_biagiotti_parfums-768x483.webp","medium_large-width":768,"medium_large-height":483,"large":"https:\/\/backend.laurabiagiottiparfums.com\/wp-content\/uploads\/2025\/03\/roma_fiori_bianchi_laura_biagiotti_parfums-1024x644.webp","large-width":1024,"large-height":644,"1536x1536":"https:\/\/backend.laurabiagiottiparfums.com\/wp-content\/uploads\/2025\/03\/roma_fiori_bianchi_laura_biagiotti_parfums-1536x966.webp","1536x1536-width":1536,"1536x1536-height":966,"2048x2048":"https:\/\/backend.laurabiagiottiparfums.com\/wp-content\/uploads\/2025\/03\/roma_fiori_bianchi_laura_biagiotti_parfums-2048x1288.webp","2048x2048-width":2048,"2048x2048-height":1288}},"ird_description":"<div class=\"elementor-element elementor-element-eb4f1be elementor-widget elementor-widget-text-editor\" data-id=\"eb4f1be\" data-element_type=\"widget\" data-widget_type=\"text-editor.default\">\n<div class=\"elementor-widget-container\">\n<p>Sie haben den gesamten Inhalt Ihrer duftenden Produkte von\u00a0<strong>Laura Biagiotti<\/strong>\u00a0verbraucht? Dann klicken Sie auf den nachstehenden Link, um zu unserem\u00a0<strong>Leitfaden f\u00fcr die ordnungsgem\u00e4\u00dfe Entsorgung der Produkte zu gelangen<\/strong>.<\/p>\n<\/div>\n<\/div>\n<div class=\"elementor-element elementor-element-647ccb6 elementor-widget elementor-widget-text-editor\" data-id=\"647ccb6\" data-element_type=\"widget\" data-widget_type=\"text-editor.default\">\n<div class=\"elementor-widget-container\">\n<p>Dort werden Sie alle Informationen \u00fcber die verschiedenen Arten\u00a0<strong>von Verpackungen finden<\/strong>,\u00a0<strong>sei es aus Glas, Papier, Kunststoff oder anderen Materialien<\/strong>.<\/p>\n<\/div>\n<\/div>\n"},"_links":{"self":[{"href":"https:\/\/backend.laurabiagiottiparfums.com\/de\/wp-json\/wp\/v2\/pages\/6295","targetHints":{"allow":["GET"]}}],"collection":[{"href":"https:\/\/backend.laurabiagiottiparfums.com\/de\/wp-json\/wp\/v2\/pages"}],"about":[{"href":"https:\/\/backend.laurabiagiottiparfums.com\/de\/wp-json\/wp\/v2\/types\/page"}],"author":[{"embeddable":true,"href":"https:\/\/backend.laurabiagiottiparfums.com\/de\/wp-json\/wp\/v2\/users\/2"}],"replies":[{"embeddable":true,"href":"https:\/\/backend.laurabiagiottiparfums.com\/de\/wp-json\/wp\/v2\/comments?post=6295"}],"version-history":[{"count":3,"href":"https:\/\/backend.laurabiagiottiparfums.com\/de\/wp-json\/wp\/v2\/pages\/6295\/revisions"}],"predecessor-version":[{"id":7147,"href":"https:\/\/backend.laurabiagiottiparfums.com\/de\/wp-json\/wp\/v2\/pages\/6295\/revisions\/7147"}],"wp:attachment":[{"href":"https:\/\/backend.laurabiagiottiparfums.com\/de\/wp-json\/wp\/v2\/media?parent=6295"}],"curies":[{"name":"wp","href":"https:\/\/api.w.org\/{rel}","templated":true}]}}